{"id":6,"date":"2020-09-25T17:59:06","date_gmt":"2020-09-25T15:59:06","guid":{"rendered":"http:\/\/www.lesocleparis.fr\/?page_id=6"},"modified":"2022-06-19T13:53:21","modified_gmt":"2022-06-19T11:53:21","slug":"partenariat-et-mecenat","status":"publish","type":"page","link":"https:\/\/www.lesocleparis.fr\/?page_id=6","title":{"rendered":"Devenez m\u00e9c\u00e8ne"},"content":{"rendered":"[vc_row row_height_percent=\u00a0\u00bb0&Prime; overlay_alpha=\u00a0\u00bb50&Prime; gutter_size=\u00a0\u00bb4&Prime; column_width_percent=\u00a0\u00bb100&Prime; shift_y=\u00a0\u00bb0&Prime; z_index=\u00a0\u00bb0&Prime;][vc_column column_width_percent=\u00a0\u00bb100&Prime; position_horizontal=\u00a0\u00bbleft\u00a0\u00bb gutter_size=\u00a0\u00bb3&Prime; overlay_alpha=\u00a0\u00bb50&Prime; shift_x=\u00a0\u00bb0&Prime; shift_y=\u00a0\u00bb0&Prime; shift_y_down=\u00a0\u00bb0&Prime; z_index=\u00a0\u00bb0&Prime; medium_width=\u00a0\u00bb0&Prime; mobile_width=\u00a0\u00bb0&Prime; width=\u00a0\u00bb1\/2&Prime;][vc_custom_heading text_size=\u00a0\u00bbfontsize-155944&Prime; text_weight=\u00a0\u00bb600&Prime;]\n<h2>Rejoignez le cercle des m\u00e9c\u00e8nes du Socle et tissez un lien privil\u00e9gi\u00e9 avec 6M<sup>3<\/sup>.<\/h2>\n<p>[\/vc_custom_heading][vc_column_text]<span class=\"font-155692\"><!-- \/wp:post-content --><\/p>\n<p><!-- wp:paragraph -->Le socle est une invention de l\u2019association d\u2019int\u00e9r\u00eat g\u00e9n\u00e9ral artistique 6M3 \u00e0 but non lucratif qui a \u00e9t\u00e9 laur\u00e9ate de l\u2019appel \u00e0 projets de la Ville de Paris en mars 2019, pour le 4<sup>e<\/sup> arrondissement.<\/span><\/p>\n<p><span class=\"font-155692\"><!-- wp:paragraph -->Pour d\u00e9velopper son unique projet, exposer des \u0153uvres d\u2019art et organiser des manifestations culturelles sur et autour d\u2019un socle imposant \u00e9rig\u00e9 sur l\u2019espace public, elle a besoin de l\u2019appui de particuliers et d\u2019entreprises, notamment sous forme de dons d\u00e9fiscalis\u00e9s \u00e0 66%, afin de compl\u00e9ter la subvention de la Ville de Paris. LeSocle.Paris est un projet aux dimensions publiques, sociales et spatiales affirm\u00e9es dont tous voient imm\u00e9diatement les effets. Votre don est donc efficace d\u2019autant que les frais de gestion sont r\u00e9duits \u00e0 presque rien. Votre don vous permet en outre de mettre votre nom \u00e0 c\u00f4t\u00e9 de celui des artistes et d\u2019\u00eatre associ\u00e9 (e ) \u00e0 ce que 6M<sup>3<\/sup> imagine et produit.<\/span><\/p>\n<p><span class=\"font-155692\"><!-- \/wp:paragraph -->\u00a0<\/span>[\/vc_column_text][\/vc_column][vc_column column_width_percent=\u00a0\u00bb100&Prime; position_horizontal=\u00a0\u00bbright\u00a0\u00bb gutter_size=\u00a0\u00bb3&Prime; overlay_alpha=\u00a0\u00bb50&Prime; shift_x=\u00a0\u00bb0&Prime; shift_y=\u00a0\u00bb0&Prime; shift_y_down=\u00a0\u00bb0&Prime; z_index=\u00a0\u00bb0&Prime; medium_width=\u00a0\u00bb0&Prime; mobile_width=\u00a0\u00bb0&Prime; width=\u00a0\u00bb1\/2&Prime;][vc_separator sep_color=\u00a0\u00bbcolor-xsdn\u00a0\u00bb el_height=\u00a0\u00bb40px\u00a0\u00bb][vc_button size=\u00a0\u00bbbtn-xl\u00a0\u00bb radius=\u00a0\u00bbbtn-circle\u00a0\u00bb hover_fx=\u00a0\u00bboutlined\u00a0\u00bb outline=\u00a0\u00bbyes\u00a0\u00bb text_skin=\u00a0\u00bbyes\u00a0\u00bb shadow=\u00a0\u00bbyes\u00a0\u00bb custom_typo=\u00a0\u00bbyes\u00a0\u00bb font_family=\u00a0\u00bbfont-155692&Prime; font_weight=\u00a0\u00bb300&Prime; text_transform=\u00a0\u00bbuppercase\u00a0\u00bb border_width=\u00a0\u00bb1&Prime; display=\u00a0\u00bbinline\u00a0\u00bb top_margin=\u00a0\u00bbyes\u00a0\u00bb link=\u00a0\u00bburl:https%3A%2F%2Fwww.helloasso.com%2Fassociations%2F6m3%2Fformulaires%2F1|title:Faire%20un%20don|target:_blank\u00a0\u00bb button_color_type=\u00a0\u00bbuncode-palette\u00a0\u00bb button_color_solid=\u00a0\u00bb#ff0000&Prime; uncode_shortcode_id=\u00a0\u00bb427004&Prime;]Faire un don[\/vc_button][vc_column_text text_lead=\u00a0\u00bbsmall\u00a0\u00bb border_color=\u00a0\u00bbcolor-jevc\u00a0\u00bb border_style=\u00a0\u00bbinherit\u00a0\u00bb]Si vous faites un don de 50 \u20ac, \u00e0 6M3, l\u2019association productrice et gestionnaire du Socle, vous pouvez d\u00e9duire les deux tiers de votre versement, soit 33\u20ac ; si vous versez 200\u20ac, votre d\u00e9duction est de 132\u20ac. 6M3 vous envoie dans les 8 jours votre re\u00e7u fiscal.<\/p>\n<p>Vous recevrez les informations et les invitations de 6M3 (La lettre des m\u00e9c\u00e8nes du Socle) ; vous pourrez entrer en relation avec ses membres et ses artistes. Vos id\u00e9es et propositions seront les bienvenues ; vous serez tenus au courant de l\u2019utilisation de vos dons.[\/vc_column_text][vc_column_text]<!-- \/wp:paragraph --><\/p>\n<p><!-- wp:paragraph -->6M3 est une association culturelle d\u2019int\u00e9r\u00eat g\u00e9n\u00e9ral financ\u00e9e partiellement par la Ville de Paris dans le cadre d\u2019Embellir Paris.<\/p>\n<p><!-- wp:separator \/-->[\/vc_column_text][vc_column_text text_lead=\u00a0\u00bbsmall\u00a0\u00bb]Association loi 1901 cr\u00e9e le 7 janvier 2019, d\u00e9clar\u00e9e \u00e0 la pr\u00e9fecture de Police, le 9 janvier 2019<br \/>\nRNA : W751250589 ; Publication au JO 26 janvier 2019 SIRET : 847 798 105 00015<\/p>\n<p>Objet statutaire\u00a0: \u00ab\u00a0<em>L\u2019<\/em><em>association \u00e0 vocation culturelle d\u2019int\u00e9r\u00eat g\u00e9n\u00e9ral [de la loi 1901]a pour objet la promotion et la valorisation de la cr\u00e9ation contemporaine par la production d\u2019\u0153uvres ou le soutien \u00e0 la production d\u2019\u0153uvres, la mise en place et la gestion d\u2019actions permettant de pr\u00e9senter la cr\u00e9ation dans toute sa diversit\u00e9 (arts plastiques, vid\u00e9o, son, litt\u00e9rature, installations, nouveaux m\u00e9dias, design, mode, arts vivants\u2026.) et de la diffuser. Elle suscite ou accompagne la transformation des espaces publics qui accueillent ces \u0153uvres. Elle accompagne les initiatives \u00e0 caract\u00e8re patrimonial en lien avec l\u2019art contemporain. L\u2019association m\u00e8ne \u00e9galement toutes actions d\u2019\u00e9ditions et d\u2019\u00e9v\u00e8nements n\u00e9cessaires \u00e0 la promotion de ces cr\u00e9ations.<\/em> \u00bb (art 2 des statuts)<!-- wp:paragraph --><\/p>\n<p><!-- \/wp:paragraph -->[\/vc_column_text][\/vc_column][\/vc_row][vc_row][vc_column width=\u00a0\u00bb1\/1&Prime;][\/vc_column][\/vc_row]<\/p>\n","protected":false},"excerpt":{"rendered":"<p>[vc_row row_height_percent=\u00a0\u00bb0&Prime; overlay_alpha=\u00a0\u00bb50&Prime; gutter_size=\u00a0\u00bb4&Prime; column_width_percent=\u00a0\u00bb100&Prime; shift_y=\u00a0\u00bb0&Prime; z_index=\u00a0\u00bb0&Prime;][vc_column column_width_percent=\u00a0\u00bb100&Prime; position_horizontal=\u00a0\u00bbleft\u00a0\u00bb gutter_size=\u00a0\u00bb3&Prime; overlay_alpha=\u00a0\u00bb50&Prime; shift_x=\u00a0\u00bb0&Prime; shift_y=\u00a0\u00bb0&Prime; shift_y_down=\u00a0\u00bb0&Prime; z_index=\u00a0\u00bb0&Prime; medium_width=\u00a0\u00bb0&Prime; mobile_width=\u00a0\u00bb0&Prime; width=\u00a0\u00bb1\/2&Prime;][vc_custom_heading text_size=\u00a0\u00bbfontsize-155944&Prime; text_weight=\u00a0\u00bb600&Prime;] [&hellip;]<\/p>\n","protected":false},"author":1,"featured_media":0,"parent":0,"menu_order":0,"comment_status":"closed","ping_status":"closed","template":"","meta":{"footnotes":""},"class_list":["post-6","page","type-page","status-publish","hentry"],"_links":{"self":[{"href":"https:\/\/www.lesocleparis.fr\/index.php?rest_route=\/wp\/v2\/pages\/6","targetHints":{"allow":["GET"]}}],"collection":[{"href":"https:\/\/www.lesocleparis.fr\/index.php?rest_route=\/wp\/v2\/pages"}],"about":[{"href":"https:\/\/www.lesocleparis.fr\/index.php?rest_route=\/wp\/v2\/types\/page"}],"author":[{"embeddable":true,"href":"https:\/\/www.lesocleparis.fr\/index.php?rest_route=\/wp\/v2\/users\/1"}],"replies":[{"embeddable":true,"href":"https:\/\/www.lesocleparis.fr\/index.php?rest_route=%2Fwp%2Fv2%2Fcomments&post=6"}],"version-history":[{"count":85,"href":"https:\/\/www.lesocleparis.fr\/index.php?rest_route=\/wp\/v2\/pages\/6\/revisions"}],"predecessor-version":[{"id":88543,"href":"https:\/\/www.lesocleparis.fr\/index.php?rest_route=\/wp\/v2\/pages\/6\/revisions\/88543"}],"wp:attachment":[{"href":"https:\/\/www.lesocleparis.fr\/index.php?rest_route=%2Fwp%2Fv2%2Fmedia&parent=6"}],"curies":[{"name":"wp","href":"https:\/\/api.w.org\/{rel}","templated":true}]}}